{"id":507,"date":"2025-06-14T15:11:37","date_gmt":"2025-06-14T15:11:37","guid":{"rendered":"https:\/\/moumouandfriends.com\/?post_type=product&#038;p=507"},"modified":"2026-02-12T14:03:47","modified_gmt":"2026-02-12T14:03:47","slug":"episode-3-flying-high","status":"publish","type":"product","link":"https:\/\/moumouandfriends.com\/de\/produkt\/episode-3-flying-high\/","title":{"rendered":"Episode 3 - Hoch hinaus"},"content":{"rendered":"<h2><strong>Sind Sie bereit zum Abheben?<\/strong><\/h2>\n<h3>Die Bande freut sich darauf, in den Urlaub zu fahren.  Nach hektischen Vorbereitungen kommen sie schlie\u00dflich am Flughafen an und werden von dem begr\u00fc\u00dft, was die meisten Menschen als Unfug und schlechtes Benehmen bezeichnen w\u00fcrden.<\/h3>\n<h3>MouMou, Enzo und Harvey machen sich mit Hilfe einiger freundlicher Passagiere auf den Weg, um die Situation aufzukl\u00e4ren und schlie\u00dflich den Tag zu retten, indem sie ihre Superkr\u00e4fte einsetzen.<\/h3>\n<h3>Die Dinge sind nicht immer so, wie sie scheinen. Manchmal m\u00fcssen wir \u00fcber den Tellerrand schauen und das gr\u00f6\u00dfere Bild sehen!<\/h3>","protected":false},"excerpt":{"rendered":"<h2><strong>Personalisierte und signierte B\u00fccher!<\/strong><\/h2>\n<h3>Alle auf unserer Website gekauften B\u00fccher werden von Sara Momtaz, der Sch\u00f6pferin und Autorin von MouMou and Friends, pers\u00f6nlich gestaltet und signiert.<\/h3>\n<h3>Hinterlassen Sie die Nachricht, die Sie in das Buch schreiben m\u00f6chten, im Optionsfeld an der Kasse.<\/h3>\n<h4>WAB<em>\u00ae <\/em>F\u00fcr immer!<\/h4>","protected":false},"featured_media":787,"comment_status":"open","ping_status":"closed","template":"","meta":{"_et_pb_use_builder":"on","_et_pb_old_content":"<h2><strong>Are you Ready For Take-Off?<\/strong><\/h2>\r\n<h3>The gang are excited about going on holiday.\u00a0 After a hectic rush to get ready, they finally make it to the airport to be greeted by what most people would refer to as mischief and misbehaviour.<\/h3>\r\n<h3>With the help of some kind passengers, MouMou, Enzo and Harvey spring into action to shine light on the situation and eventually save the day by using their superpowers.<\/h3>\r\n<h3>Things are not always what they seem. Sometimes we must think outside of the box and see the bigger picture!<\/h3>","_et_gb_content_width":""},"product_brand":[39],"product_cat":[38],"product_tag":[],"class_list":{"0":"post-507","1":"product","2":"type-product","3":"status-publish","4":"has-post-thumbnail","6":"product_brand-moumou-and-friends","7":"product_cat-inclusive-childrens-books","9":"first","10":"instock","11":"shipping-taxable","12":"purchasable","13":"product-type-simple"},"yoast_head":"<!-- This site is optimized with the Yoast SEO plugin v27.3 - https:\/\/yoast.com\/product\/yoast-seo-wordpress\/ -->\n<title>Episode 3 \u2013 Flying High - MouMou and Friends\u2122<\/title>\n<meta name=\"robots\" content=\"index, follow, max-snippet:-1, max-image-preview:large, max-video-preview:-1\" \/>\n<link rel=\"canonical\" href=\"https:\/\/moumouandfriends.com\/de\/produkt\/episode-3-flying-high\/\" \/>\n<meta property=\"og:locale\" content=\"de_DE\" \/>\n<meta property=\"og:type\" content=\"article\" \/>\n<meta property=\"og:title\" content=\"Episode 3 \u2013 Flying High - MouMou and Friends\u2122\" \/>\n<meta property=\"og:description\" content=\"Personalised and Signed Books! All books bought from our website will be personalised and signed by Sara Momtaz, the Creator &amp; Author of MouMou and Friends. Leave the message you want written in the book in the option box at checkout. WAB\u00ae Forever!\" \/>\n<meta property=\"og:url\" content=\"https:\/\/moumouandfriends.com\/de\/produkt\/episode-3-flying-high\/\" \/>\n<meta property=\"og:site_name\" content=\"MouMou and Friends\u2122\" \/>\n<meta property=\"article:modified_time\" content=\"2026-02-12T14:03:47+00:00\" \/>\n<meta property=\"og:image\" content=\"https:\/\/moumouandfriends.com\/wp-content\/uploads\/2025\/06\/3D-3.jpg\" \/>\n\t<meta property=\"og:image:width\" content=\"1000\" \/>\n\t<meta property=\"og:image:height\" content=\"1000\" \/>\n\t<meta property=\"og:image:type\" content=\"image\/jpeg\" \/>\n<meta name=\"twitter:card\" content=\"summary_large_image\" \/>\n<meta name=\"twitter:label1\" content=\"Gesch\u00e4tzte Lesezeit\" \/>\n\t<meta name=\"twitter:data1\" content=\"1\u00a0Minute\" \/>\n<script type=\"application\/ld+json\" class=\"yoast-schema-graph\">{\"@context\":\"https:\\\/\\\/schema.org\",\"@graph\":[{\"@type\":\"WebPage\",\"@id\":\"https:\\\/\\\/moumouandfriends.com\\\/product\\\/episode-3-flying-high\\\/\",\"url\":\"https:\\\/\\\/moumouandfriends.com\\\/product\\\/episode-3-flying-high\\\/\",\"name\":\"Episode 3 \u2013 Flying High - MouMou and Friends\u2122\",\"isPartOf\":{\"@id\":\"https:\\\/\\\/moumouandfriends.com\\\/#website\"},\"primaryImageOfPage\":{\"@id\":\"https:\\\/\\\/moumouandfriends.com\\\/product\\\/episode-3-flying-high\\\/#primaryimage\"},\"image\":{\"@id\":\"https:\\\/\\\/moumouandfriends.com\\\/product\\\/episode-3-flying-high\\\/#primaryimage\"},\"thumbnailUrl\":\"https:\\\/\\\/moumouandfriends.com\\\/wp-content\\\/uploads\\\/2025\\\/06\\\/3D-3.jpg\",\"datePublished\":\"2025-06-14T15:11:37+00:00\",\"dateModified\":\"2026-02-12T14:03:47+00:00\",\"breadcrumb\":{\"@id\":\"https:\\\/\\\/moumouandfriends.com\\\/product\\\/episode-3-flying-high\\\/#breadcrumb\"},\"inLanguage\":\"de\",\"potentialAction\":[{\"@type\":\"ReadAction\",\"target\":[\"https:\\\/\\\/moumouandfriends.com\\\/product\\\/episode-3-flying-high\\\/\"]}]},{\"@type\":\"ImageObject\",\"inLanguage\":\"de\",\"@id\":\"https:\\\/\\\/moumouandfriends.com\\\/product\\\/episode-3-flying-high\\\/#primaryimage\",\"url\":\"https:\\\/\\\/moumouandfriends.com\\\/wp-content\\\/uploads\\\/2025\\\/06\\\/3D-3.jpg\",\"contentUrl\":\"https:\\\/\\\/moumouandfriends.com\\\/wp-content\\\/uploads\\\/2025\\\/06\\\/3D-3.jpg\",\"width\":1000,\"height\":1000},{\"@type\":\"BreadcrumbList\",\"@id\":\"https:\\\/\\\/moumouandfriends.com\\\/product\\\/episode-3-flying-high\\\/#breadcrumb\",\"itemListElement\":[{\"@type\":\"ListItem\",\"position\":1,\"name\":\"Home\",\"item\":\"https:\\\/\\\/moumouandfriends.com\\\/\"},{\"@type\":\"ListItem\",\"position\":2,\"name\":\"Shop\",\"item\":\"https:\\\/\\\/moumouandfriends.com\\\/shop\\\/\"},{\"@type\":\"ListItem\",\"position\":3,\"name\":\"Episode 3 \u2013 Flying High\"}]},{\"@type\":\"WebSite\",\"@id\":\"https:\\\/\\\/moumouandfriends.com\\\/#website\",\"url\":\"https:\\\/\\\/moumouandfriends.com\\\/\",\"name\":\"MouMou and Friends\u2122\",\"description\":\"The 1st Children&#039;s Character &amp; Brand with a Disability\",\"potentialAction\":[{\"@type\":\"SearchAction\",\"target\":{\"@type\":\"EntryPoint\",\"urlTemplate\":\"https:\\\/\\\/moumouandfriends.com\\\/?s={search_term_string}\"},\"query-input\":{\"@type\":\"PropertyValueSpecification\",\"valueRequired\":true,\"valueName\":\"search_term_string\"}}],\"inLanguage\":\"de\"}]}<\/script>\n<!-- \/ Yoast SEO plugin. -->","yoast_head_json":{"title":"Episode 3 \u2013 Flying High - MouMou and Friends\u2122","robots":{"index":"index","follow":"follow","max-snippet":"max-snippet:-1","max-image-preview":"max-image-preview:large","max-video-preview":"max-video-preview:-1"},"canonical":"https:\/\/moumouandfriends.com\/de\/produkt\/episode-3-flying-high\/","og_locale":"de_DE","og_type":"article","og_title":"Episode 3 \u2013 Flying High - MouMou and Friends\u2122","og_description":"Personalised and Signed Books! All books bought from our website will be personalised and signed by Sara Momtaz, the Creator &amp; Author of MouMou and Friends. Leave the message you want written in the book in the option box at checkout. WAB\u00ae Forever!","og_url":"https:\/\/moumouandfriends.com\/de\/produkt\/episode-3-flying-high\/","og_site_name":"MouMou and Friends\u2122","article_modified_time":"2026-02-12T14:03:47+00:00","og_image":[{"width":1000,"height":1000,"url":"https:\/\/moumouandfriends.com\/wp-content\/uploads\/2025\/06\/3D-3.jpg","type":"image\/jpeg"}],"twitter_card":"summary_large_image","twitter_misc":{"Gesch\u00e4tzte Lesezeit":"1\u00a0Minute"},"schema":{"@context":"https:\/\/schema.org","@graph":[{"@type":"WebPage","@id":"https:\/\/moumouandfriends.com\/product\/episode-3-flying-high\/","url":"https:\/\/moumouandfriends.com\/product\/episode-3-flying-high\/","name":"Episode 3 \u2013 Flying High - MouMou and Friends\u2122","isPartOf":{"@id":"https:\/\/moumouandfriends.com\/#website"},"primaryImageOfPage":{"@id":"https:\/\/moumouandfriends.com\/product\/episode-3-flying-high\/#primaryimage"},"image":{"@id":"https:\/\/moumouandfriends.com\/product\/episode-3-flying-high\/#primaryimage"},"thumbnailUrl":"https:\/\/moumouandfriends.com\/wp-content\/uploads\/2025\/06\/3D-3.jpg","datePublished":"2025-06-14T15:11:37+00:00","dateModified":"2026-02-12T14:03:47+00:00","breadcrumb":{"@id":"https:\/\/moumouandfriends.com\/product\/episode-3-flying-high\/#breadcrumb"},"inLanguage":"de","potentialAction":[{"@type":"ReadAction","target":["https:\/\/moumouandfriends.com\/product\/episode-3-flying-high\/"]}]},{"@type":"ImageObject","inLanguage":"de","@id":"https:\/\/moumouandfriends.com\/product\/episode-3-flying-high\/#primaryimage","url":"https:\/\/moumouandfriends.com\/wp-content\/uploads\/2025\/06\/3D-3.jpg","contentUrl":"https:\/\/moumouandfriends.com\/wp-content\/uploads\/2025\/06\/3D-3.jpg","width":1000,"height":1000},{"@type":"BreadcrumbList","@id":"https:\/\/moumouandfriends.com\/product\/episode-3-flying-high\/#breadcrumb","itemListElement":[{"@type":"ListItem","position":1,"name":"Home","item":"https:\/\/moumouandfriends.com\/"},{"@type":"ListItem","position":2,"name":"Shop","item":"https:\/\/moumouandfriends.com\/shop\/"},{"@type":"ListItem","position":3,"name":"Episode 3 \u2013 Flying High"}]},{"@type":"WebSite","@id":"https:\/\/moumouandfriends.com\/#website","url":"https:\/\/moumouandfriends.com\/","name":"MouMou und Freunde\u2122","description":"Die 1. Children&#039;s Character &amp; Brand mit einer Behinderung","potentialAction":[{"@type":"SearchAction","target":{"@type":"EntryPoint","urlTemplate":"https:\/\/moumouandfriends.com\/?s={search_term_string}"},"query-input":{"@type":"PropertyValueSpecification","valueRequired":true,"valueName":"search_term_string"}}],"inLanguage":"de"}]}},"_links":{"self":[{"href":"https:\/\/moumouandfriends.com\/de\/wp-json\/wp\/v2\/product\/507","targetHints":{"allow":["GET"]}}],"collection":[{"href":"https:\/\/moumouandfriends.com\/de\/wp-json\/wp\/v2\/product"}],"about":[{"href":"https:\/\/moumouandfriends.com\/de\/wp-json\/wp\/v2\/types\/product"}],"replies":[{"embeddable":true,"href":"https:\/\/moumouandfriends.com\/de\/wp-json\/wp\/v2\/comments?post=507"}],"wp:featuredmedia":[{"embeddable":true,"href":"https:\/\/moumouandfriends.com\/de\/wp-json\/wp\/v2\/media\/787"}],"wp:attachment":[{"href":"https:\/\/moumouandfriends.com\/de\/wp-json\/wp\/v2\/media?parent=507"}],"wp:term":[{"taxonomy":"product_brand","embeddable":true,"href":"https:\/\/moumouandfriends.com\/de\/wp-json\/wp\/v2\/product_brand?post=507"},{"taxonomy":"product_cat","embeddable":true,"href":"https:\/\/moumouandfriends.com\/de\/wp-json\/wp\/v2\/product_cat?post=507"},{"taxonomy":"product_tag","embeddable":true,"href":"https:\/\/moumouandfriends.com\/de\/wp-json\/wp\/v2\/product_tag?post=507"}],"curies":[{"name":"wp","href":"https:\/\/api.w.org\/{rel}","templated":true}]}}